{"id":5642,"date":"2024-12-11T08:54:32","date_gmt":"2024-12-11T13:54:32","guid":{"rendered":"https:\/\/www.lamuseboreale.com\/?page_id=5642"},"modified":"2025-04-19T17:24:07","modified_gmt":"2025-04-19T21:24:07","slug":"drainage-lymphatique","status":"publish","type":"page","link":"https:\/\/www.lamuseboreale.com\/fr\/services\/drainage-lymphatique","title":{"rendered":"Drainage Lymphatique \u2013 Soulagement et D\u00e9toxification"},"content":{"rendered":"\t\t<div data-elementor-type=\"wp-page\" data-elementor-id=\"5642\" class=\"elementor elementor-5642\" data-elementor-post-type=\"page\">\n\t\t\t\t\t\t<section class=\"elementor-section elementor-top-section elementor-element elementor-element-e3a7d98 elementor-section-height-min-height elementor-section-boxed elementor-section-height-default elementor-section-items-middle\" data-id=\"e3a7d98\" data-element_type=\"section\" data-settings=\"{&quot;background_background&quot;:&quot;classic&quot;,&quot;shape_divider_bottom&quot;:&quot;waves&quot;}\">\n\t\t\t\t\t\t\t<div class=\"elementor-background-overlay\"><\/div>\n\t\t\t\t\t\t<div class=\"elementor-shape elementor-shape-bottom\" data-negative=\"false\">\n\t\t\t<svg xmlns=\"http:\/\/www.w3.org\/2000\/svg\" viewBox=\"0 0 1000 100\" preserveAspectRatio=\"none\">\n\t<path class=\"elementor-shape-fill\" d=\"M421.9,6.5c22.6-2.5,51.5,0.4,75.5,5.3c23.6,4.9,70.9,23.5,100.5,35.7c75.8,32.2,133.7,44.5,192.6,49.7\n\tc23.6,2.1,48.7,3.5,103.4-2.5c54.7-6,106.2-25.6,106.2-25.6V0H0v30.3c0,0,72,32.6,158.4,30.5c39.2-0.7,92.8-6.7,134-22.4\n\tc21.2-8.1,52.2-18.2,79.7-24.2C399.3,7.9,411.6,7.5,421.9,6.5z\"\/>\n<\/svg>\t\t<\/div>\n\t\t\t\t\t<div class=\"elementor-container elementor-column-gap-default\">\n\t\t\t\t\t<div class=\"elementor-column elementor-col-100 elementor-top-column elementor-element elementor-element-6b29054\" data-id=\"6b29054\" data-element_type=\"column\">\n\t\t\t<div class=\"elementor-widget-wrap elementor-element-populated\">\n\t\t\t\t\t\t<div class=\"elementor-element elementor-element-c856e90 de_scroll_animation_no elementor-widget elementor-widget-heading\" data-id=\"c856e90\" data-element_type=\"widget\" data-widget_type=\"heading.default\">\n\t\t\t\t<div class=\"elementor-widget-container\">\n\t\t\t\t\t<h1 class=\"elementor-heading-title elementor-size-default\">\nDrainage Lymphatique<br> Soulagement et D\u00e9toxification\n<\/h1>\t\t\t\t<\/div>\n\t\t\t\t<\/div>\n\t\t\t\t\t<\/div>\n\t\t<\/div>\n\t\t\t\t\t<\/div>\n\t\t<\/section>\n\t\t\t\t<section class=\"elementor-section elementor-top-section elementor-element elementor-element-d2af382 elementor-section-boxed elementor-section-height-default elementor-section-height-default\" data-id=\"d2af382\" data-element_type=\"section\">\n\t\t\t\t\t\t<div class=\"elementor-container elementor-column-gap-default\">\n\t\t\t\t\t<div class=\"elementor-column elementor-col-100 elementor-top-column elementor-element elementor-element-86a0ea1\" data-id=\"86a0ea1\" data-element_type=\"column\">\n\t\t\t<div class=\"elementor-widget-wrap elementor-element-populated\">\n\t\t\t\t\t\t<div class=\"elementor-element elementor-element-599e481 de_scroll_animation_no elementor-widget elementor-widget-text-editor\" data-id=\"599e481\" data-element_type=\"widget\" data-widget_type=\"text-editor.default\">\n\t\t\t\t<div class=\"elementor-widget-container\">\n\t\t\t\t\t\t\t\t\t<p><strong>Retrouvez l\u00e9g\u00e8ret\u00e9 et confort gr\u00e2ce au drainage lymphatique, un soin id\u00e9al pour votre bien-\u00eatre.<\/strong><\/p><p>Ce massage d\u2019une heure, con\u00e7u sp\u00e9cifiquement pour les femmes. Aide \u00e0 stimuler le syst\u00e8me lymphatique, r\u00e9duire la r\u00e9tention d\u2019eau et soulager les jambes lourdes. Gr\u00e2ce \u00e0 des techniques douces et cibl\u00e9es. Ce soin am\u00e9liore la circulation lymphatique et offre une sensation de l\u00e9g\u00e8ret\u00e9 imm\u00e9diate.<\/p><p>Lorem ipsum dolor sit amet, consectetur adipiscing elit. Ut elit tellus, luctus nec ullamcorper mattis, pulvinar dapibus leo.<\/p>\t\t\t\t\t\t\t\t<\/div>\n\t\t\t\t<\/div>\n\t\t\t\t\t<\/div>\n\t\t<\/div>\n\t\t\t\t\t<\/div>\n\t\t<\/section>\n\t\t\t\t<section class=\"elementor-section elementor-top-section elementor-element elementor-element-48142d4 elementor-section-boxed elementor-section-height-default elementor-section-height-default\" data-id=\"48142d4\" data-element_type=\"section\">\n\t\t\t\t\t\t<div class=\"elementor-container elementor-column-gap-default\">\n\t\t\t\t\t<div class=\"elementor-column elementor-col-50 elementor-top-column elementor-element elementor-element-2600d21\" data-id=\"2600d21\" data-element_type=\"column\">\n\t\t\t<div class=\"elementor-widget-wrap elementor-element-populated\">\n\t\t\t\t\t\t<div class=\"elementor-element elementor-element-daef543 de_scroll_animation_no elementor-widget elementor-widget-text-editor\" data-id=\"daef543\" data-element_type=\"widget\" data-widget_type=\"text-editor.default\">\n\t\t\t\t<div class=\"elementor-widget-container\">\n\t\t\t\t\t\t\t\t\t<h4><strong>Pourquoi choisir le drainage lymphatique ?<\/strong><\/h4><ul><li><strong>Soulagement des jambes lourdes :<\/strong> Ce soin est parfait pour r\u00e9duire les sensations de gonflement et am\u00e9liorer le confort au quotidien.<\/li><li><strong>R\u00e9duction de la r\u00e9tention d\u2019eau :<\/strong> En stimulant la circulation lymphatique, ce massage aide \u00e0 \u00e9liminer les toxines accumul\u00e9es dans le corps.<\/li><li><strong>Soutien apr\u00e8s chirurgie esth\u00e9tique :<\/strong> Recommand\u00e9 apr\u00e8s certaines interventions, il favorise une r\u00e9cup\u00e9ration rapide en r\u00e9duisant l\u2019inflammation.<\/li><li><strong>Bienfaits pour les femmes enceintes :<\/strong> Pendant la grossesse, ce massage aide \u00e0 soulager les inconforts li\u00e9s \u00e0 la r\u00e9tention d\u2019eau, en respectant les recommandations m\u00e9dicales.<\/li><\/ul>\t\t\t\t\t\t\t\t<\/div>\n\t\t\t\t<\/div>\n\t\t\t\t<div class=\"elementor-element elementor-element-95ce2d3 de_scroll_animation_no elementor-widget elementor-widget-text-editor\" data-id=\"95ce2d3\" data-element_type=\"widget\" data-widget_type=\"text-editor.default\">\n\t\t\t\t<div class=\"elementor-widget-container\">\n\t\t\t\t\t\t\t\t\t<p>\u00a0<strong>Quand opter pour ce massage ?<\/strong><\/p><ul><li>Si vous souffrez de jambes lourdes ou d\u2019un gonflement d\u00fb \u00e0 une r\u00e9tention d\u2019eau.<\/li><li>Apr\u00e8s une chirurgie esth\u00e9tique pour r\u00e9duire les effets secondaires.<\/li><li>Lors de p\u00e9riodes de stress ou de fatigue intense pour d\u00e9toxifier naturellement votre corps.<\/li><\/ul>\t\t\t\t\t\t\t\t<\/div>\n\t\t\t\t<\/div>\n\t\t\t\t<div class=\"elementor-element elementor-element-ad01194 de_scroll_animation_no elementor-widget elementor-widget-text-editor\" data-id=\"ad01194\" data-element_type=\"widget\" data-widget_type=\"text-editor.default\">\n\t\t\t\t<div class=\"elementor-widget-container\">\n\t\t\t\t\t\t\t\t\t<p>\u00a0<strong>Les bienfaits en bref :<\/strong><\/p><ul><li>Stimulation du syst\u00e8me lymphatique.<\/li><li>R\u00e9duction des gonflements et des \u0153d\u00e8mes.<\/li><li>Am\u00e9lioration de la circulation et \u00e9limination des toxines.<\/li><li>Sensation de l\u00e9g\u00e8ret\u00e9 et relaxation profonde.<\/li><\/ul>\t\t\t\t\t\t\t\t<\/div>\n\t\t\t\t<\/div>\n\t\t\t\t\t<\/div>\n\t\t<\/div>\n\t\t\t\t<div class=\"elementor-column elementor-col-50 elementor-top-column elementor-element elementor-element-4fa0d17\" data-id=\"4fa0d17\" data-element_type=\"column\">\n\t\t\t<div class=\"elementor-widget-wrap elementor-element-populated\">\n\t\t\t\t\t\t<div class=\"elementor-element elementor-element-cc99736 de_scroll_animation_no elementor-widget elementor-widget-image\" data-id=\"cc99736\" data-element_type=\"widget\" data-widget_type=\"image.default\">\n\t\t\t\t<div class=\"elementor-widget-container\">\n\t\t\t\t\t\t\t\t\t\t\t\t<figure class=\"wp-caption\">\n\t\t\t\t\t\t\t\t\t\t<img fetchpriority=\"high\" decoding=\"async\" width=\"680\" height=\"1020\" src=\"https:\/\/www.lamuseboreale.com\/wp-content\/uploads\/2024\/03\/431493110_3564194677177768_3477887646718819057_n-683x1024.jpg\" class=\"attachment-large size-large wp-image-5470\" alt=\"Drainage Lymphatique \u2013 Soulagement et D\u00e9toxification\" srcset=\"https:\/\/www.lamuseboreale.com\/wp-content\/uploads\/2024\/03\/431493110_3564194677177768_3477887646718819057_n-683x1024.jpg 683w, https:\/\/www.lamuseboreale.com\/wp-content\/uploads\/2024\/03\/431493110_3564194677177768_3477887646718819057_n-233x350.jpg 233w, https:\/\/www.lamuseboreale.com\/wp-content\/uploads\/2024\/03\/431493110_3564194677177768_3477887646718819057_n-768x1152.jpg 768w, https:\/\/www.lamuseboreale.com\/wp-content\/uploads\/2024\/03\/431493110_3564194677177768_3477887646718819057_n-8x12.jpg 8w, https:\/\/www.lamuseboreale.com\/wp-content\/uploads\/2024\/03\/431493110_3564194677177768_3477887646718819057_n-600x900.jpg 600w, https:\/\/www.lamuseboreale.com\/wp-content\/uploads\/2024\/03\/431493110_3564194677177768_3477887646718819057_n.jpg 1024w\" sizes=\"(max-width: 680px) 100vw, 680px\" \/>\t\t\t\t\t\t\t\t\t\t\t<figcaption class=\"widget-image-caption wp-caption-text\">Drainage Lymphatique \u2013 Soulagement et D\u00e9toxification<\/figcaption>\n\t\t\t\t\t\t\t\t\t\t<\/figure>\n\t\t\t\t\t\t\t\t\t<\/div>\n\t\t\t\t<\/div>\n\t\t\t\t\t<\/div>\n\t\t<\/div>\n\t\t\t\t\t<\/div>\n\t\t<\/section>\n\t\t\t\t<section class=\"elementor-section elementor-top-section elementor-element elementor-element-395a0efb elementor-section-boxed elementor-section-height-default elementor-section-height-default\" data-id=\"395a0efb\" data-element_type=\"section\">\n\t\t\t\t\t\t<div class=\"elementor-container elementor-column-gap-default\">\n\t\t\t\t\t<div class=\"elementor-column elementor-col-100 elementor-top-column elementor-element elementor-element-2912ca36\" data-id=\"2912ca36\" data-element_type=\"column\">\n\t\t\t<div class=\"elementor-widget-wrap elementor-element-populated\">\n\t\t\t\t\t\t<div class=\"elementor-element elementor-element-4ccdb9d7 de_scroll_animation_no elementor-widget elementor-widget-text-editor\" data-id=\"4ccdb9d7\" data-element_type=\"widget\" data-widget_type=\"text-editor.default\">\n\t\t\t\t<div class=\"elementor-widget-container\">\n\t\t\t\t\t\t\t\t\t<h3><strong>Combinez ce soin avec d\u2019autres services<\/strong><\/h3><p>Pour une exp\u00e9rience compl\u00e8te de bien-\u00eatre, explorez :<\/p><ul><li>Notre <a href=\"https:\/\/www.lamuseboreale.com\/services\/massages-therapeutiques-soulager-stress-douleurs-musculaires\" rel=\"noopener\">massage th\u00e9rapeutique<\/a> pour apaiser les douleurs musculaires et r\u00e9duire le stress.<\/li><li>Le <a href=\"#\" rel=\"noopener\">lifting du visage<\/a> pour une d\u00e9tente et un effet rajeunissant naturel.<\/li><\/ul><hr \/><h3><a href=\"https:\/\/fr.fresha.com\/book-now\/la-museboreale-xagqz90i\/all-offer?pId=591614\"><strong>R\u00e9servez votre drainage lymphatique d\u00e8s maintenant !<\/strong><\/a><\/h3><p>Offrez \u00e0 votre corps une pause bien m\u00e9rit\u00e9e. Ce soin d\u2019une heure est con\u00e7u pour am\u00e9liorer votre bien-\u00eatre et vous aider \u00e0 retrouver \u00e9nergie et l\u00e9g\u00e8ret\u00e9. Prenez rendez-vous en ligne pour profiter des bienfaits du drainage lymphatique.<\/p>\t\t\t\t\t\t\t\t<\/div>\n\t\t\t\t<\/div>\n\t\t\t\t\t<\/div>\n\t\t<\/div>\n\t\t\t\t\t<\/div>\n\t\t<\/section>\n\t\t\t\t<\/div>\n\t\t","protected":false},"excerpt":{"rendered":"<p>Drainage Lymphatique Soulagement et D\u00e9toxification Retrouvez l\u00e9g\u00e8ret\u00e9 et confort gr\u00e2ce au drainage lymphatique, un soin id\u00e9al pour votre bien-\u00eatre. Ce massage d\u2019une heure, con\u00e7u sp\u00e9cifiquement pour les femmes. Aide \u00e0 stimuler le syst\u00e8me lymphatique, r\u00e9duire la r\u00e9tention d\u2019eau et soulager les jambes lourdes. Gr\u00e2ce \u00e0 des techniques douces et cibl\u00e9es. Ce soin am\u00e9liore la circulation lymphatique et offre une sensation de l\u00e9g\u00e8ret\u00e9 imm\u00e9diate. Lorem ipsum dolor sit amet, consectetur adipiscing elit. Ut elit tellus, luctus<a class=\"read-more more-link\" href=\"https:\/\/www.lamuseboreale.com\/fr\/services\/drainage-lymphatique\">Read more<\/a><\/p>\n","protected":false},"author":11,"featured_media":0,"parent":1687,"menu_order":0,"comment_status":"closed","ping_status":"closed","template":"","meta":{"om_disable_all_campaigns":false,"_monsterinsights_skip_tracking":false,"_monsterinsights_sitenote_active":false,"_monsterinsights_sitenote_note":"","_monsterinsights_sitenote_category":0,"footnotes":""},"class_list":["post-5642","page","type-page","status-publish","hentry"],"aioseo_notices":[],"_links":{"self":[{"href":"https:\/\/www.lamuseboreale.com\/fr\/wp-json\/wp\/v2\/pages\/5642","targetHints":{"allow":["GET"]}}],"collection":[{"href":"https:\/\/www.lamuseboreale.com\/fr\/wp-json\/wp\/v2\/pages"}],"about":[{"href":"https:\/\/www.lamuseboreale.com\/fr\/wp-json\/wp\/v2\/types\/page"}],"author":[{"embeddable":true,"href":"https:\/\/www.lamuseboreale.com\/fr\/wp-json\/wp\/v2\/users\/11"}],"replies":[{"embeddable":true,"href":"https:\/\/www.lamuseboreale.com\/fr\/wp-json\/wp\/v2\/comments?post=5642"}],"version-history":[{"count":21,"href":"https:\/\/www.lamuseboreale.com\/fr\/wp-json\/wp\/v2\/pages\/5642\/revisions"}],"predecessor-version":[{"id":5819,"href":"https:\/\/www.lamuseboreale.com\/fr\/wp-json\/wp\/v2\/pages\/5642\/revisions\/5819"}],"up":[{"embeddable":true,"href":"https:\/\/www.lamuseboreale.com\/fr\/wp-json\/wp\/v2\/pages\/1687"}],"wp:attachment":[{"href":"https:\/\/www.lamuseboreale.com\/fr\/wp-json\/wp\/v2\/media?parent=5642"}],"curies":[{"name":"wp","href":"https:\/\/api.w.org\/{rel}","templated":true}]}}